{"id":8723,"date":"2021-10-12T08:42:38","date_gmt":"2021-10-12T06:42:38","guid":{"rendered":"https:\/\/silwi.ee\/leiunurk\/"},"modified":"2024-03-14T15:15:34","modified_gmt":"2024-03-14T13:15:34","slug":"loytokulma","status":"publish","type":"page","link":"https:\/\/silwi.ee\/fi\/loytokulma\/","title":{"rendered":"L\u00f6yt\u00f6kulma"},"content":{"rendered":"<section id=\"bt_bb_section69e33eba5af37\"  class=\"bt_bb_section bt_bb_layout_boxed_1400 bt_bb_vertical_align_top bt_bb_top_spacing_large bt_bb_bottom_spacing_large\"  data-bt-override-class=\"{&quot;bt_bb_top_spacing_&quot;:{&quot;current_class&quot;:&quot;bt_bb_top_spacing_large&quot;,&quot;def&quot;:&quot;large&quot;,&quot;xl&quot;:&quot;large&quot;},&quot;bt_bb_bottom_spacing_&quot;:{&quot;current_class&quot;:&quot;bt_bb_bottom_spacing_large&quot;,&quot;def&quot;:&quot;large&quot;,&quot;xl&quot;:&quot;large&quot;}}\"><span class=\"bt_bb_overlay\"><\/span><div class=\"bt_bb_port\"><div class=\"bt_bb_cell\"><div class=\"bt_bb_cell_inner\"><div class=\"bt_bb_row \"  data-bt-override-class=\"{}\"><div class=\"bt_bb_row_holder\" ><div  class=\"bt_bb_column col-xl-12 col-xs-12 col-sm-12 col-md-12 col-lg-12 bt_bb_align_left bt_bb_vertical_align_top bt_bb_padding_normal\"  data-width=\"12\" data-bt-override-class=\"{}\"><div class=\"bt_bb_column_content\"><div class=\"bt_bb_column_content_inner\"><div data-bb-version=\"4.8.7\" class=\"bt_bb_masonry_portfolio_grid bt_bb_grid_container bt_bb_show_same_height bt_bb_columns_4 bt_bb_gap_normal bt_bb_shape_square bt_bb_style_flat bt_bb_image_position_image_beneath_content\" data-columns=\"4\"><div class=\"bt_bb_post_grid_loader\"><span class=\"box1\"><\/span><span class=\"box2\"><\/span><span class=\"box3\"><\/span><span class=\"box4\"><\/span><span class=\"box5\"><\/span><\/div><div class=\"bt_bb_masonry_portfolio_grid_content bt_bb_grid_hide\" data-bt-nonce=\"c02e16dfe7\" data-number-portfolio=\"1000\" data-category-portfolio=\"\" data-post-type=\"portfolio\" data-show-portfolio=\"a%3A8%3A%7Bs%3A8%3A%22category%22%3Bb%3A0%3Bs%3A4%3A%22date%22%3Bb%3A1%3Bs%3A6%3A%22author%22%3Bb%3A0%3Bs%3A8%3A%22comments%22%3Bb%3A0%3Bs%3A7%3A%22excerpt%22%3Bb%3A1%3Bs%3A5%3A%22share%22%3Bb%3A0%3Bs%3A4%3A%22size%22%3Bs%3A4%3A%22full%22%3Bs%3A25%3A%22switch_styles_on_odd_even%22%3Bb%3A0%3B%7D\" data-target=\"_self\" data-background-color=\"\" data-shape=\"square\" data-style=\"flat\" data-image-position=\"image_beneath_content\" data-read-more-text=\"Lue lis\u00e4\u00e4\" data-read-more-icon=\"remixicons-system_e935\" data-read-more-icon-color-scheme=\"dark-accent-skin\"><div class=\"bt_bb_grid_sizer\"><\/div><\/div><\/div><\/div><\/div><\/div><\/div><\/div><\/div><\/div><\/div><\/section>\n","protected":false},"excerpt":{"rendered":"<p>Silwi l\u00f6yt\u00f6kulma tuotteita ovat tavarat, joita ei ole omistaja l\u00f6yt\u00e4nyt, mutta niit\u00e4 voi ostaa edullisesti.<\/p>\n","protected":false},"author":1,"featured_media":4969,"parent":0,"menu_order":0,"comment_status":"closed","ping_status":"closed","template":"","meta":{"footnotes":""},"class_list":["post-8723","page","type-page","status-publish","has-post-thumbnail","hentry"],"_links":{"self":[{"href":"https:\/\/silwi.ee\/fi\/wp-json\/wp\/v2\/pages\/8723","targetHints":{"allow":["GET"]}}],"collection":[{"href":"https:\/\/silwi.ee\/fi\/wp-json\/wp\/v2\/pages"}],"about":[{"href":"https:\/\/silwi.ee\/fi\/wp-json\/wp\/v2\/types\/page"}],"author":[{"embeddable":true,"href":"https:\/\/silwi.ee\/fi\/wp-json\/wp\/v2\/users\/1"}],"replies":[{"embeddable":true,"href":"https:\/\/silwi.ee\/fi\/wp-json\/wp\/v2\/comments?post=8723"}],"version-history":[{"count":3,"href":"https:\/\/silwi.ee\/fi\/wp-json\/wp\/v2\/pages\/8723\/revisions"}],"predecessor-version":[{"id":8738,"href":"https:\/\/silwi.ee\/fi\/wp-json\/wp\/v2\/pages\/8723\/revisions\/8738"}],"wp:featuredmedia":[{"embeddable":true,"href":"https:\/\/silwi.ee\/fi\/wp-json\/wp\/v2\/media\/4969"}],"wp:attachment":[{"href":"https:\/\/silwi.ee\/fi\/wp-json\/wp\/v2\/media?parent=8723"}],"curies":[{"name":"wp","href":"https:\/\/api.w.org\/{rel}","templated":true}]}}